{"id":109,"date":"2026-02-27T16:30:50","date_gmt":"2026-02-27T19:30:50","guid":{"rendered":"http:\/\/www.fatecrp.edu.br\/?page_id=109"},"modified":"2026-02-27T16:46:16","modified_gmt":"2026-02-27T19:46:16","slug":"matriz-curricular-ads","status":"publish","type":"page","link":"http:\/\/www.fatecrp.edu.br\/index.php\/matriz-curricular-ads\/","title":{"rendered":"Matriz Curricular ADS"},"content":{"rendered":"\n<figure class=\"wp-block-table\"><table class=\"has-fixed-layout\"><tbody><tr><th>1\u00ba Semestre<\/th><th>2\u00ba Semestre<\/th><th>3\u00ba Semestre<\/th><th>4\u00ba Semestre<\/th><th>5\u00ba Semestre<\/th><th>6\u00ba Semestre<\/th><\/tr><tr><td>Projeto Integrador<br>ADS I<\/td><td>Engenharia de<br>Software I<\/td><td>Engenharia de<br>Software II<\/td><td>Engenharia de<br>Software III<\/td><td>Laborat\u00f3rio de<br>Engenharia de<br>Software<\/td><td>Gest\u00e3o de Projetos<\/td><\/tr><tr><td>Algor\u00edtmos e L\u00f3gica<br>de Programa\u00e7\u00e3o<\/td><td>Linguagem de<br>Programa\u00e7\u00e3o<\/td><td>Estruturas de Dados<\/td><td>Programa\u00e7\u00e3o<br>Orientada a<br>Objetos<\/td><td>Seguran\u00e7a da<br>Informa\u00e7\u00e3o<\/td><td>Gest\u00e3o e Governan\u00e7a<br>de Tecnologia da<br>Informa\u00e7\u00e3o<\/td><\/tr><tr><td>Engenharia de<br>Software I<\/td><td>Sistemas de<br>Informa\u00e7\u00e3o<\/td><td>Intera\u00e7\u00e3o<br>Humano<br>Computador<\/td><td>Banco de Dados<\/td><td>Lab. de Banco de Dados<\/td><td>T\u00f3picos Especiais<\/td><\/tr><tr><td>Sistemas<br>Operacionais<\/td><td><\/td><td>Sistemas<br>Operacionais I<\/td><td>Sistemas<br>Operacionais II<\/td><td>Redes de<br>Computadores<\/td><td>Intelig\u00eancia Artificial<\/td><\/tr><tr><td>Arquitetura e<br>Organiza\u00e7\u00e3o de<br>Computadores<\/td><td>Contabilidade<\/td><td>Economia e<br>Finan\u00e7as<\/td><td>Programa\u00e7\u00e3o<br>para Dispositivos<br>M\u00f3veis<\/td><td>Programa\u00e7\u00e3o Web<\/td><td>Gest\u00e3o de Equipes<\/td><\/tr><tr><td>Comunica\u00e7\u00e3o e<br>Express\u00e3o<\/td><td>C\u00e1lculo<\/td><td>Estat\u00edstica<br>aplicada<\/td><td><\/td><td>Programa\u00e7\u00e3o<br>Linear e<br>Aplica\u00e7\u00f5es<\/td><td>Empreendedorismo<\/td><\/tr><tr><td><\/td><td>Comunica\u00e7\u00e3o e<br>Express\u00e3o<\/td><td>Sociedade e<br>Tecnologia<\/td><td>Metodologia da<br>Pesquisa Cientifica-<br>Tecnol\u00f3gica<\/td><td><\/td><td>\u00c9tica eresponsabilidade profissional<\/td><\/tr><tr><td>Ingl\u00eas I<\/td><td>Ingl\u00eas II<\/td><td>Ingl\u00eas III<\/td><td>Ingl\u00eas IV<\/td><td>Ingl\u00eas V<\/td><td>Ingl\u00eas VI<\/td><\/tr><tr><td>24 aulas semanais 480 -&gt; 400 horas<\/td><td>24 aulas semanais 480 -&gt; 400 horas<\/td><td>24 aulas semanais 480 -&gt; 400 horas<\/td><td>24 aulas semanais 480 -&gt; 400 horas<\/td><td>24 aulas semanais 480 -&gt; 400 horas<\/td><td>24 aulas semanais 480 -&gt; 400 horas<\/td><\/tr><\/tbody><\/table><\/figure>\n\n\n\n<p><\/p>\n","protected":false},"excerpt":{"rendered":"<p>1\u00ba Semestre 2\u00ba Semestre 3\u00ba Semestre 4\u00ba Semestre 5\u00ba Semestre 6\u00ba Semestre Projeto IntegradorADS I Engenharia deSoftware I Engenharia deSoftware [&hellip;]<\/p>\n","protected":false},"author":1,"featured_media":0,"parent":0,"menu_order":0,"comment_status":"closed","ping_status":"closed","template":"","meta":{"footnotes":""},"class_list":["post-109","page","type-page","status-publish","hentry"],"_links":{"self":[{"href":"http:\/\/www.fatecrp.edu.br\/index.php\/wp-json\/wp\/v2\/pages\/109","targetHints":{"allow":["GET"]}}],"collection":[{"href":"http:\/\/www.fatecrp.edu.br\/index.php\/wp-json\/wp\/v2\/pages"}],"about":[{"href":"http:\/\/www.fatecrp.edu.br\/index.php\/wp-json\/wp\/v2\/types\/page"}],"author":[{"embeddable":true,"href":"http:\/\/www.fatecrp.edu.br\/index.php\/wp-json\/wp\/v2\/users\/1"}],"replies":[{"embeddable":true,"href":"http:\/\/www.fatecrp.edu.br\/index.php\/wp-json\/wp\/v2\/comments?post=109"}],"version-history":[{"count":4,"href":"http:\/\/www.fatecrp.edu.br\/index.php\/wp-json\/wp\/v2\/pages\/109\/revisions"}],"predecessor-version":[{"id":114,"href":"http:\/\/www.fatecrp.edu.br\/index.php\/wp-json\/wp\/v2\/pages\/109\/revisions\/114"}],"wp:attachment":[{"href":"http:\/\/www.fatecrp.edu.br\/index.php\/wp-json\/wp\/v2\/media?parent=109"}],"curies":[{"name":"wp","href":"https:\/\/api.w.org\/{rel}","templated":true}]}}