{"id":119,"date":"2026-02-27T17:00:40","date_gmt":"2026-02-27T20:00:40","guid":{"rendered":"http:\/\/www.fatecrp.edu.br\/?page_id=119"},"modified":"2026-02-27T17:00:40","modified_gmt":"2026-02-27T20:00:40","slug":"matriz-curricular-gni","status":"publish","type":"page","link":"http:\/\/www.fatecrp.edu.br\/index.php\/matriz-curricular-gni\/","title":{"rendered":"Matriz Curricular GNI"},"content":{"rendered":"\n<figure class=\"wp-block-table\"><table class=\"has-fixed-layout\"><tbody><tr><th>1\u00ba Semestre<\/th><th>2\u00ba Semestre<\/th><th>3\u00ba Semestre<\/th><th>4\u00ba Semestre<\/th><th>5\u00ba Semestre<\/th><th>6\u00ba Semestre<\/th><\/tr><tr><td>Proj. Interdisciplinar I<br>\u2013 Gest\u00e3o e Inova\u00e7\u00e3o<\/td><td>Proj. Interdisciplinar II<br>\u2013 Gest\u00e3o e Inova\u00e7\u00e3o<\/td><td>Proj. Interdisciplinar III<br>\u2013 Gest\u00e3o e Inova\u00e7\u00e3o<\/td><td>Proj. Interdisciplinar IV<br>\u2013 Gest\u00e3o e Inova\u00e7\u00e3o<\/td><td>Proj. Interdisciplinar V<br>\u2013 Consultoria em GI<\/td><td>Proj. Interdisciplinar VI<br>\u2013 Consultoria em GI<\/td><\/tr><tr><td>Empreendedorismo<br>e Inova\u00e7\u00e3o<\/td><td>Prospec\u00e7\u00e3o<br>de Neg\u00f3cios<\/td><td>Gest\u00e3o, Modelagem<br>e Prototipagem<br>de Neg\u00f3cios<\/td><td>Gest\u00e3o de projetos<\/td><td>Investimentos<br>e Financiamentos<\/td><td>Pol\u00edticas P\u00fablicas<br>em Empreenderorismo<\/td><\/tr><tr><td>Prospec\u00e7\u00e3o de Bases<br>de Informa\u00e7\u00f5es Tecnol\u00f3gicas<\/td><td>Marketing e<br>Inova\u00e7\u00e3o Economia<\/td><td>Gest\u00e3o do Ciclo<br>de Vida do Produto<\/td><td>Gest\u00e3o Financeira<br>e de Custos<\/td><td>Gest\u00e3o de<br>Varejo<\/td><td>Negocia\u00e7\u00e3o<\/td><\/tr><tr><td>Administra\u00e7\u00e3o Geral<\/td><td>Economia<\/td><td>Contabilidade<br>Gerencial<\/td><td>Log\u00edstica Empresarial<\/td><td>Gest\u00e3o de Materiais<\/td><td>Gest\u00e3o de Marcas<\/td><\/tr><tr><td>Comunica\u00e7\u00e3o<br>Empresarial<\/td><td>Legisla\u00e7\u00e3o Empresarial e<br>Propriedade Industrial<\/td><td>Legisla\u00e7\u00e3o Tribut\u00e1ria e<br>C\u00e1lculo de Tributos<\/td><td>Legisla\u00e7\u00e3o Trabalhista<br>e C\u00e1lculo de Encargos<\/td><td>Gest\u00e3o de Opera\u00e7\u00e3o<br>de Servi\u00e7os<\/td><td>Neg\u00f3cios<br>Internacionais<\/td><\/tr><tr><td>C\u00e1lculo<\/td><td>Estat\u00edstica<\/td><td>Pesquisa<br>Operacional<\/td><td>Novas Tecnologias<br>Digitais<\/td><td>\u00c9tica e<br>Responsabilidade<br>S\u00f3cio-ambiental<\/td><td>Coaching<br>Empresarial<\/td><\/tr><tr><td><\/td><td><\/td><td><\/td><td><\/td><td>Espanhol I<\/td><td>Espanhol II<\/td><\/tr><tr><td>Ingl\u00eas I<\/td><td>Ingl\u00eas II<\/td><td>Ingl\u00eas III<\/td><td>Ingl\u00eas IV<\/td><td>Ingl\u00eas V<\/td><td>Ingl\u00eas VI<\/td><\/tr><tr><td>24 aulas semanais 480 -&gt; 400 horas<\/td><td>24 aulas semanais 480 -&gt; 400 horas<\/td><td>24 aulas semanais 480 -&gt; 400 horas<\/td><td>24 aulas semanais 480 -&gt; 400 horas<\/td><td>24 aulas semanais 480 -&gt; 400 horas<\/td><td>24 aulas semanais 480 -&gt; 400 horas<\/td><\/tr><\/tbody><\/table><\/figure>\n","protected":false},"excerpt":{"rendered":"<p>1\u00ba Semestre 2\u00ba Semestre 3\u00ba Semestre 4\u00ba Semestre 5\u00ba Semestre 6\u00ba Semestre Proj. Interdisciplinar I\u2013 Gest\u00e3o e Inova\u00e7\u00e3o Proj. Interdisciplinar [&hellip;]<\/p>\n","protected":false},"author":1,"featured_media":0,"parent":0,"menu_order":0,"comment_status":"closed","ping_status":"closed","template":"","meta":{"footnotes":""},"class_list":["post-119","page","type-page","status-publish","hentry"],"_links":{"self":[{"href":"http:\/\/www.fatecrp.edu.br\/index.php\/wp-json\/wp\/v2\/pages\/119","targetHints":{"allow":["GET"]}}],"collection":[{"href":"http:\/\/www.fatecrp.edu.br\/index.php\/wp-json\/wp\/v2\/pages"}],"about":[{"href":"http:\/\/www.fatecrp.edu.br\/index.php\/wp-json\/wp\/v2\/types\/page"}],"author":[{"embeddable":true,"href":"http:\/\/www.fatecrp.edu.br\/index.php\/wp-json\/wp\/v2\/users\/1"}],"replies":[{"embeddable":true,"href":"http:\/\/www.fatecrp.edu.br\/index.php\/wp-json\/wp\/v2\/comments?post=119"}],"version-history":[{"count":1,"href":"http:\/\/www.fatecrp.edu.br\/index.php\/wp-json\/wp\/v2\/pages\/119\/revisions"}],"predecessor-version":[{"id":121,"href":"http:\/\/www.fatecrp.edu.br\/index.php\/wp-json\/wp\/v2\/pages\/119\/revisions\/121"}],"wp:attachment":[{"href":"http:\/\/www.fatecrp.edu.br\/index.php\/wp-json\/wp\/v2\/media?parent=119"}],"curies":[{"name":"wp","href":"https:\/\/api.w.org\/{rel}","templated":true}]}}