{"id":126,"date":"2026-02-27T17:09:57","date_gmt":"2026-02-27T20:09:57","guid":{"rendered":"http:\/\/www.fatecrp.edu.br\/?page_id=126"},"modified":"2026-02-27T17:11:48","modified_gmt":"2026-02-27T20:11:48","slug":"matriz-curricular-grh","status":"publish","type":"page","link":"http:\/\/www.fatecrp.edu.br\/index.php\/matriz-curricular-grh\/","title":{"rendered":"Matriz Curricular GRH"},"content":{"rendered":"\n<figure class=\"wp-block-table\"><table class=\"has-fixed-layout\"><tbody><tr><th>1\u00ba Semestre<\/th><th>2\u00ba Semestre<\/th><th>3\u00ba Semestre<\/th><th>4\u00ba Semestre<\/th><th>5\u00ba Semestre<\/th><th>6\u00ba Semestre<\/th><\/tr><tr><td>Comportamento Organizacional<\/td><td>Capta\u00e7\u00e3o e Sele\u00e7\u00e3o de Talentos<\/td><td>Gest\u00e3o das Rotinas de Pessoal I<\/td><td>Gest\u00e3o das Rotinas de Pessoal II<\/td><td>Planejamento e Estrat\u00e9gia em Recursos Humanos<\/td><td>Remunera\u00e7\u00e3o Estrat\u00e9gica<\/td><\/tr><tr><td>Psicologia das Rela\u00e7\u00f5es Humanas<\/td><td>Sistemas de Informa\u00e7\u00e3o Aplicados aos Recursos Humanos<\/td><td>Educa\u00e7\u00e3o Corporativa<\/td><td>Gest\u00e3o de Conflitos e Negocia\u00e7\u00e3o<\/td><td>Avalia\u00e7\u00e3o por Desempenho e Gest\u00e3o por Compet\u00eancias<\/td><td>Qualidade de Vida, Seguran\u00e7a e Sa\u00fade Ocupacional<\/td><\/tr><tr><td>Teoria das Organiza\u00e7\u00f5es<\/td><td>\u00c9tica e Reponsabilidade Social Empresarial<\/td><td>Gest\u00e3o da Cultura e do Clima Organizacional<\/td><td>Planejamento e Gest\u00e3o de Carreiras<\/td><td>Inova\u00e7\u00e3o e Empreendedorismo<\/td><td>Consultoria e Auditoria em Gest\u00e3o de Pessoas<\/td><\/tr><tr><td>Matem\u00e1tica Elementar<\/td><td>Estat\u00edstica<\/td><td>Direito Trabalhista e Previdenci\u00e1rio<\/td><td>Gest\u00e3o de Cargos, Sal\u00e1rios e Benef\u00edcios<\/td><td>Economia e Finan\u00e7as Corporativas<\/td><td>Endomarketing<\/td><\/tr><tr><td>Comunica\u00e7\u00e3o Empresarial<\/td><td>Direito P\u00fablico e Privado<\/td><td>Gest\u00e3o do Conhecimento<\/td><td>Gest\u00e3o de Pessoas na Administra\u00e7\u00e3o P\u00fablica<\/td><td>Planejamento e Gest\u00e3o de Home Office<\/td><td>Jogos de Empresas Aplicados aos Recursos Humanos<\/td><\/tr><tr><td>M\u00e9todos para Produ\u00e7\u00e3o do Conhecimento<\/td><td>Projeto Integrador em Recursos Humanos I<\/td><td>Projeto Integrador em Recursos Humanos II<\/td><td>Projeto Integrador em Recursos Humanos III<\/td><td>Projeto Integrador em Recursos Humanos IV<\/td><td>Projeto Integrador em Recursos Humanos V<\/td><\/tr><tr><td>Ingl\u00eas I<\/td><td>Ingl\u00eas II<\/td><td>Ingl\u00eas III<\/td><td>Ingl\u00eas IV<\/td><td>Ingl\u00eas V<\/td><td>Ingl\u00eas VI<\/td><\/tr><tr><td>24 aulas semanais 480 -&gt; 400 horas<\/td><td>24 aulas semanais 480 -&gt; 400 horas<\/td><td>24 aulas semanais 480 -&gt; 400 horas<\/td><td>24 aulas semanais 480 -&gt; 400 horas<\/td><td>24 aulas semanais 480 -&gt; 400 horas<\/td><td>24 aulas semanais 480 -&gt; 400 horas<\/td><\/tr><\/tbody><\/table><\/figure>\n","protected":false},"excerpt":{"rendered":"<p>1\u00ba Semestre 2\u00ba Semestre 3\u00ba Semestre 4\u00ba Semestre 5\u00ba Semestre 6\u00ba Semestre Comportamento Organizacional Capta\u00e7\u00e3o e Sele\u00e7\u00e3o de Talentos Gest\u00e3o [&hellip;]<\/p>\n","protected":false},"author":1,"featured_media":0,"parent":0,"menu_order":0,"comment_status":"closed","ping_status":"closed","template":"","meta":{"footnotes":""},"class_list":["post-126","page","type-page","status-publish","hentry"],"_links":{"self":[{"href":"http:\/\/www.fatecrp.edu.br\/index.php\/wp-json\/wp\/v2\/pages\/126","targetHints":{"allow":["GET"]}}],"collection":[{"href":"http:\/\/www.fatecrp.edu.br\/index.php\/wp-json\/wp\/v2\/pages"}],"about":[{"href":"http:\/\/www.fatecrp.edu.br\/index.php\/wp-json\/wp\/v2\/types\/page"}],"author":[{"embeddable":true,"href":"http:\/\/www.fatecrp.edu.br\/index.php\/wp-json\/wp\/v2\/users\/1"}],"replies":[{"embeddable":true,"href":"http:\/\/www.fatecrp.edu.br\/index.php\/wp-json\/wp\/v2\/comments?post=126"}],"version-history":[{"count":3,"href":"http:\/\/www.fatecrp.edu.br\/index.php\/wp-json\/wp\/v2\/pages\/126\/revisions"}],"predecessor-version":[{"id":133,"href":"http:\/\/www.fatecrp.edu.br\/index.php\/wp-json\/wp\/v2\/pages\/126\/revisions\/133"}],"wp:attachment":[{"href":"http:\/\/www.fatecrp.edu.br\/index.php\/wp-json\/wp\/v2\/media?parent=126"}],"curies":[{"name":"wp","href":"https:\/\/api.w.org\/{rel}","templated":true}]}}