{"id":136,"date":"2026-02-27T17:17:28","date_gmt":"2026-02-27T20:17:28","guid":{"rendered":"http:\/\/www.fatecrp.edu.br\/?page_id=136"},"modified":"2026-02-27T17:17:28","modified_gmt":"2026-02-27T20:17:28","slug":"matriz-curricular-sbm","status":"publish","type":"page","link":"http:\/\/www.fatecrp.edu.br\/index.php\/matriz-curricular-sbm\/","title":{"rendered":"Matriz Curricular SBM"},"content":{"rendered":"\n<figure class=\"wp-block-table\"><table class=\"has-fixed-layout\"><tbody><tr><th>1\u00ba Semestre<\/th><th>2\u00ba Semestre<\/th><th>3\u00ba Semestre<\/th><th>4\u00ba Semestre<\/th><th>5\u00ba Semestre<\/th><th>6\u00ba Semestre<\/th><\/tr><tr><td>Introdu\u00e7\u00e3o<br>ao<br>Desenho T\u00e9cnico<\/td><td>An\u00e1lise<br>de Circuitos<\/td><td>Elementos<br>de Eletr\u00f4nica<\/td><td>An\u00e1lise de<br>Equipamentos<br>M\u00e9dico-Hospitalares<\/td><td>Projetos de<br>Equipamentos<br>M\u00e9dico-Hospitalares<\/td><td>Constru\u00e7\u00e3o de<br>Equipamentos<br>M\u00e9dico-Hospitalares<\/td><\/tr><tr><td>Biologia<br>Celular e<br>Microbiologia<\/td><td>Introdu\u00e7\u00e3o ao<br>Desenho Assistido<br>por Computador<\/td><td>Elementos de<br>Mec\u00e2nica de<br>Precis\u00e3o II<\/td><td>Inform\u00e1tica M\u00e9dica<\/td><td>Manuten\u00e7\u00e3o<br>de Sistemas<br>Biom\u00e9dicos<\/td><td>Regul., Cert. e<br>Acred. de Servi\u00e7os<br>de Sa\u00fade<\/td><\/tr><tr><td>Qu\u00edmica Geral<\/td><td>Elementos de<br>Mec\u00e2nica de<br>Precis\u00e3o I<\/td><td>Tecnologia<br>de Materiais<\/td><td>Instrumenta\u00e7\u00e3o Biom\u00e9dica<\/td><td>Sistemas Microcontrolados<br>em Equipamentos<br>M\u00e9dico-Hospitalares<\/td><td>Tecnologia da Automa\u00e7\u00e3o II<\/td><\/tr><tr><td>Eletricidade<\/td><td>Bioqu\u00edmica<\/td><td>Metodologia da<br>Pesquisa<br>Cient\u00edfico-Tecnol\u00f3gica<\/td><td>Sistemas Anal\u00f3gicos<\/td><td>Regula\u00e7\u00e3o e<br>Certifica\u00e7\u00e3o<br>de E.M.H.<\/td><td>Sa\u00fade e<br>Seguran\u00e7a<br>Ocupacional<\/td><\/tr><tr><td>F\u00edsica Aplicada<br>a Medicina I<\/td><td>F\u00edsica Aplicada<br>a Medicina II<\/td><td>Microbiologia<br>Aplicada<\/td><td>Sistemas Digitais<\/td><td>Processamento<br>de Sinais<\/td><td>Gest\u00e3o do<br>Trabalho de<br>Gradua\u00e7\u00e3o<\/td><\/tr><tr><td>C\u00e1lculo I<\/td><td>C\u00e1lculo II<\/td><td>Fundamentos de<br>Anatomia Humana<\/td><td>Tecnologia<br>de Fabrica\u00e7\u00e3o<\/td><td>Tecnologia de<br>Automa\u00e7\u00e3o I<\/td><td>Hematologia<\/td><\/tr><tr><td>Comunica\u00e7\u00e3o e Express\u00e3o I<\/td><td>Comunica\u00e7\u00e3o e Express\u00e3o II<\/td><td>\u00d3ptica T\u00e9cnica<\/td><td>Fundamentos de<br>Fisiologia<br>Humana<\/td><td>Biof\u00edsica<\/td><td>Gest\u00e3o de Manuten\u00e7\u00e3o<\/td><\/tr><tr><td>Ingl\u00eas I<\/td><td>Ingl\u00eas II<\/td><td>Estatistica<\/td><td>Fundamentos de<br>Imunologia<\/td><td>Elementos de Economia<br>e Pol\u00edticas<br>Publicas em Sa\u00fade<\/td><td>Gest\u00e3o de Qualidade<\/td><\/tr><tr><td>24 aulas semanais 480 -&gt; 400 horas<\/td><td>24 aulas semanais 480 -&gt; 400 horas<\/td><td>24 aulas semanais 480 -&gt; 400 horas<\/td><td>24 aulas semanais 480 -&gt; 400 horas<\/td><td>24 aulas semanais 480 -&gt; 400 horas<\/td><td>24 aulas semanais 480 -&gt; 400 horas<\/td><\/tr><\/tbody><\/table><\/figure>\n","protected":false},"excerpt":{"rendered":"<p>1\u00ba Semestre 2\u00ba Semestre 3\u00ba Semestre 4\u00ba Semestre 5\u00ba Semestre 6\u00ba Semestre Introdu\u00e7\u00e3oaoDesenho T\u00e9cnico An\u00e1lisede Circuitos Elementosde Eletr\u00f4nica An\u00e1lise deEquipamentosM\u00e9dico-Hospitalares [&hellip;]<\/p>\n","protected":false},"author":1,"featured_media":0,"parent":0,"menu_order":0,"comment_status":"closed","ping_status":"closed","template":"","meta":{"footnotes":""},"class_list":["post-136","page","type-page","status-publish","hentry"],"_links":{"self":[{"href":"http:\/\/www.fatecrp.edu.br\/index.php\/wp-json\/wp\/v2\/pages\/136","targetHints":{"allow":["GET"]}}],"collection":[{"href":"http:\/\/www.fatecrp.edu.br\/index.php\/wp-json\/wp\/v2\/pages"}],"about":[{"href":"http:\/\/www.fatecrp.edu.br\/index.php\/wp-json\/wp\/v2\/types\/page"}],"author":[{"embeddable":true,"href":"http:\/\/www.fatecrp.edu.br\/index.php\/wp-json\/wp\/v2\/users\/1"}],"replies":[{"embeddable":true,"href":"http:\/\/www.fatecrp.edu.br\/index.php\/wp-json\/wp\/v2\/comments?post=136"}],"version-history":[{"count":1,"href":"http:\/\/www.fatecrp.edu.br\/index.php\/wp-json\/wp\/v2\/pages\/136\/revisions"}],"predecessor-version":[{"id":138,"href":"http:\/\/www.fatecrp.edu.br\/index.php\/wp-json\/wp\/v2\/pages\/136\/revisions\/138"}],"wp:attachment":[{"href":"http:\/\/www.fatecrp.edu.br\/index.php\/wp-json\/wp\/v2\/media?parent=136"}],"curies":[{"name":"wp","href":"https:\/\/api.w.org\/{rel}","templated":true}]}}