{"id":27,"date":"2026-02-05T10:54:16","date_gmt":"2026-02-05T13:54:16","guid":{"rendered":"http:\/\/200.144.13.68\/?page_id=27"},"modified":"2026-04-15T15:47:52","modified_gmt":"2026-04-15T18:47:52","slug":"comissao-propria-de-avaliacao-cpa","status":"publish","type":"page","link":"http:\/\/www.fatecrp.edu.br\/index.php\/comissao-propria-de-avaliacao-cpa\/","title":{"rendered":"Comiss\u00e3o Pr\u00f3pria de Avalia\u00e7\u00e3o (CPA)"},"content":{"rendered":"<div style=\"display:block;width:100%;margin:10px 0 25px 0;clear:both;line-height:0;\">\n<div style=\"display:flex;flex-wrap:wrap;gap:5px;align-items:stretch;line-height:normal;justify-content:flex-start;\"><a href=\"http:\/\/www.fatecrp.edu.br\/index.php\/composicao\" style=\"background-color:#555e6b;color:#ffffff!important;padding:0 20px;text-decoration:none!important;font-size:14px;font-family:sans-serif;display:flex;align-items:center;justify-content:center;text-align:center;min-height:42px;border-radius:2px;flex:0 1 auto;border:none;\">Composi\u00e7\u00e3o<\/a><a href=\"http:\/\/www.fatecrp.edu.br\/wp-content\/uploads\/2026\/04\/REGULAMENTO-DA-COMISSAO-PROPRIA-DE-AVALIACAO-DA-FACULDADE-DE-TECNOLOGIA-DE-RIBEIRAO-PRETO.pdf\" target=\"_blank\" rel=\"noopener noreferrer\"style=\"background-color:#555e6b;color:#ffffff!important;padding:0 20px;text-decoration:none!important;font-size:14px;font-family:sans-serif;display:flex;align-items:center;justify-content:center;text-align:center;min-height:42px;border-radius:2px;flex:0 1 auto;border:none;\">Regulamento<\/a><a href=\"http:\/\/www.fatecrp.edu.br\/index.php\/relatorio-de-autoavaliacao-institucional-cpa\/\" style=\"background-color:#555e6b;color:#ffffff!important;padding:0 20px;text-decoration:none!important;font-size:14px;font-family:sans-serif;display:flex;align-items:center;justify-content:center;text-align:center;min-height:42px;border-radius:2px;flex:0 1 auto;border:none;\">Relat\u00f3rio de Autoavalia\u00e7\u00e3o Institucional<\/a><\/div>\n<\/div>\n\n\n<p>A Comiss\u00e3o Pr\u00f3pria de Avalia\u00e7\u00e3o da Fatec Ribeir\u00e3o Preto (CPA) foi constitu\u00edda com fundamento no disposto no Artigo 32 do Regimento das Faculdades de Tecnologia do Centro Estadual de Educa\u00e7\u00e3o Tecnol\u00f3gica Paula Souza, aprovado pela Delibera\u00e7\u00e3o CEETEPS n. 31, de 27-09-2016, republicada em 17-01-2017.<\/p>\n\n\n\n<p>A CPA tem por finalidade contribuir com o planejamento, a elabora\u00e7\u00e3o, a coordena\u00e7\u00e3o e o monitoramento da pol\u00edtica de <strong>autoavalia\u00e7\u00e3o<\/strong> promovendo, no que couber, a interlocu\u00e7\u00e3o com os \u00f3rg\u00e3os de regula\u00e7\u00e3o, supervis\u00e3o e avalia\u00e7\u00e3o, no \u00e2mbito da Unidade de Ensino.&nbsp; A <strong>autoavalia\u00e7\u00e3o<\/strong> tem por objetivo a melhoria da qualidade do ensino tecnol\u00f3gico, a orienta\u00e7\u00e3o da expans\u00e3o de sua oferta, a consolida\u00e7\u00e3o da fun\u00e7\u00e3o social do ensino superior e o desenvolvimento institucional, consistindo em um processo cont\u00ednuo, sist\u00eamico e participativo.<strong><\/strong><\/p>\n\n\n\n<p><strong>Compet\u00eancia da CPA<\/strong><\/p>\n\n\n\n<p>Compete \u00e0 CPA, observada a legisla\u00e7\u00e3o pertinente, realizar os seguintes atos procedimentais:<\/p>\n\n\n\n<p>I &#8211; coordenar os processos de avalia\u00e7\u00e3o internos da Unidade de Ensino, conduzindo a coleta, organiza\u00e7\u00e3o e apura\u00e7\u00e3o de dados, an\u00e1lise cr\u00edtica e apresenta\u00e7\u00e3o dos resultados, em articula\u00e7\u00e3o com a \u00c1rea de Avalia\u00e7\u00e3o Institucional do CEETEPS;<\/p>\n\n\n\n<p>II \u2013 elaborar e apresentar relat\u00f3rio, periodicamente, com parecer fundamentado, \u00e0 Dire\u00e7\u00e3o da Unidade de Ensino, sobre o resultado dos processos de avalia\u00e7\u00e3o internos, com propostas de trabalho;<\/p>\n\n\n\n<p>III \u2013 encaminhar \u00e0 Unidade do Ensino Superior de Gradua\u00e7\u00e3o \u2013 Cesu uma c\u00f3pia do relat\u00f3rio mencionado no inciso anterior.<\/p>\n\n\n\n<p>IV &#8211; sistematizar e prestar as informa\u00e7\u00f5es solicitadas pelo Instituto Nacional de Estudos e Pesquisas Educacionais An\u00edsio Teixeira (INEP), no \u00e2mbito do Sistema Nacional de Avalia\u00e7\u00e3o da Educa\u00e7\u00e3o Superior (SINAES);<\/p>\n\n\n\n<p><strong>Atribui\u00e7\u00f5es da CPA<\/strong><\/p>\n\n\n\n<p>S\u00e3o atribui\u00e7\u00f5es da CPA das Faculdades de Tecnologia do Ceeteps:<\/p>\n\n\n\n<p>I \u2013 promover a divulga\u00e7\u00e3o, buscando a conscientiza\u00e7\u00e3o da comunidade acad\u00eamica, sobre a import\u00e2ncia da avalia\u00e7\u00e3o institucional, enquanto instrumento para aferi\u00e7\u00e3o das realidades acad\u00eamico-pedag\u00f3gicas e acad\u00eamico-administrativas com vistas a fundamentar as propostas de trabalho que possibilitem melhorar a qualidade do ensino p\u00fablico oferecido;<\/p>\n\n\n\n<p>II \u2013 compartilhar com a comunidade acad\u00eamica os resultados alcan\u00e7ados e as propostas apresentadas \u00e0 Dire\u00e7\u00e3o da Fatec.<\/p>\n","protected":false},"excerpt":{"rendered":"<p>Composi\u00e7\u00e3oRegulamentoRelat\u00f3rio de Autoavalia\u00e7\u00e3o Institucional A Comiss\u00e3o Pr\u00f3pria de Avalia\u00e7\u00e3o da Fatec Ribeir\u00e3o Preto (CPA) foi constitu\u00edda com fundamento no disposto [&hellip;]<\/p>\n","protected":false},"author":1,"featured_media":0,"parent":0,"menu_order":0,"comment_status":"closed","ping_status":"closed","template":"","meta":{"footnotes":""},"class_list":["post-27","page","type-page","status-publish","hentry"],"_links":{"self":[{"href":"http:\/\/www.fatecrp.edu.br\/index.php\/wp-json\/wp\/v2\/pages\/27","targetHints":{"allow":["GET"]}}],"collection":[{"href":"http:\/\/www.fatecrp.edu.br\/index.php\/wp-json\/wp\/v2\/pages"}],"about":[{"href":"http:\/\/www.fatecrp.edu.br\/index.php\/wp-json\/wp\/v2\/types\/page"}],"author":[{"embeddable":true,"href":"http:\/\/www.fatecrp.edu.br\/index.php\/wp-json\/wp\/v2\/users\/1"}],"replies":[{"embeddable":true,"href":"http:\/\/www.fatecrp.edu.br\/index.php\/wp-json\/wp\/v2\/comments?post=27"}],"version-history":[{"count":9,"href":"http:\/\/www.fatecrp.edu.br\/index.php\/wp-json\/wp\/v2\/pages\/27\/revisions"}],"predecessor-version":[{"id":206,"href":"http:\/\/www.fatecrp.edu.br\/index.php\/wp-json\/wp\/v2\/pages\/27\/revisions\/206"}],"wp:attachment":[{"href":"http:\/\/www.fatecrp.edu.br\/index.php\/wp-json\/wp\/v2\/media?parent=27"}],"curies":[{"name":"wp","href":"https:\/\/api.w.org\/{rel}","templated":true}]}}