{"id":35,"date":"2026-02-05T11:09:27","date_gmt":"2026-02-05T14:09:27","guid":{"rendered":"http:\/\/200.144.13.68\/?page_id=35"},"modified":"2026-02-05T11:09:27","modified_gmt":"2026-02-05T14:09:27","slug":"pdi-plano-de-desenvolvimento-institucional","status":"publish","type":"page","link":"http:\/\/www.fatecrp.edu.br\/index.php\/pdi-plano-de-desenvolvimento-institucional\/","title":{"rendered":"PDI \u2013 PLANO DE DESENVOLVIMENTO INSTITUCIONAL"},"content":{"rendered":"\n<p>O&nbsp;<strong>Plano de Desenvolvimento Institucional \u2013 PDI<\/strong>&nbsp;\u00e9 um instrumento de gest\u00e3o para o alinhamento dos trabalhos das Fatecs com as Coordenadorias T\u00e9cnicas e Assessorias da Administra\u00e7\u00e3o Central do CPS. O PDI \u00e9 um documento de planejamento estrat\u00e9gico da Fatec que apresenta o cen\u00e1rio presente, as metas, as necessidades e os m\u00e9todos propostos pelas Unidades de Ensino para a sua evolu\u00e7\u00e3o no horizonte de cinco anos. O PDI das Fatecs deve ser elaborado segundo a miss\u00e3o, a vis\u00e3o e os valores desta Autarquia Estadual, considerando ainda, as suas diretrizes.<\/p>\n\n\n\n<p>O PDI deve ser constitu\u00eddo de quatro se\u00e7\u00f5es:<\/p>\n\n\n\n<p>I \u2013 An\u00e1lise do Desenvolvimento Local e Regional;<br>II \u2013 Quadro do Corpo Docente;<br>III \u2013 Diagn\u00f3stico Interno e Externo;<br>IV \u2013 Question\u00e1rios eletr\u00f4nicos;<\/p>\n\n\n\n<p>Uma vez por ano, a Fatec pode revisar o PDI para ajustes necess\u00e1rios e justificados, visando sempre alcan\u00e7ar com excel\u00eancia os objetivos e metas tra\u00e7ados.<\/p>\n","protected":false},"excerpt":{"rendered":"<p>O&nbsp;Plano de Desenvolvimento Institucional \u2013 PDI&nbsp;\u00e9 um instrumento de gest\u00e3o para o alinhamento dos trabalhos das Fatecs com as Coordenadorias [&hellip;]<\/p>\n","protected":false},"author":1,"featured_media":0,"parent":0,"menu_order":0,"comment_status":"closed","ping_status":"closed","template":"","meta":{"footnotes":""},"class_list":["post-35","page","type-page","status-publish","hentry"],"_links":{"self":[{"href":"http:\/\/www.fatecrp.edu.br\/index.php\/wp-json\/wp\/v2\/pages\/35","targetHints":{"allow":["GET"]}}],"collection":[{"href":"http:\/\/www.fatecrp.edu.br\/index.php\/wp-json\/wp\/v2\/pages"}],"about":[{"href":"http:\/\/www.fatecrp.edu.br\/index.php\/wp-json\/wp\/v2\/types\/page"}],"author":[{"embeddable":true,"href":"http:\/\/www.fatecrp.edu.br\/index.php\/wp-json\/wp\/v2\/users\/1"}],"replies":[{"embeddable":true,"href":"http:\/\/www.fatecrp.edu.br\/index.php\/wp-json\/wp\/v2\/comments?post=35"}],"version-history":[{"count":1,"href":"http:\/\/www.fatecrp.edu.br\/index.php\/wp-json\/wp\/v2\/pages\/35\/revisions"}],"predecessor-version":[{"id":36,"href":"http:\/\/www.fatecrp.edu.br\/index.php\/wp-json\/wp\/v2\/pages\/35\/revisions\/36"}],"wp:attachment":[{"href":"http:\/\/www.fatecrp.edu.br\/index.php\/wp-json\/wp\/v2\/media?parent=35"}],"curies":[{"name":"wp","href":"https:\/\/api.w.org\/{rel}","templated":true}]}}