{"id":44,"date":"2026-02-05T11:13:29","date_gmt":"2026-02-05T14:13:29","guid":{"rendered":"http:\/\/200.144.13.68\/?page_id=44"},"modified":"2026-02-05T11:13:29","modified_gmt":"2026-02-05T14:13:29","slug":"sobre-a-faculdade-de-tecnologia-de-ribeirao-preto","status":"publish","type":"page","link":"http:\/\/www.fatecrp.edu.br\/index.php\/sobre-a-faculdade-de-tecnologia-de-ribeirao-preto\/","title":{"rendered":"Sobre a Faculdade de Tecnologia de Ribeir\u00e3o Preto"},"content":{"rendered":"\n<h2 class=\"wp-block-heading\">CENTRO PAULA SOUZA<\/h2>\n\n\n\n<p>O Centro Paula Souza (CPS) \u00e9 uma autarquia do Governo do Estado de S\u00e3o Paulo, vinculada \u00e0 Secretaria de Desenvolvimento Econ\u00f4mico. Presente&nbsp;em 322 munic\u00edpios, a institui\u00e7\u00e3o administra 223 Escolas T\u00e9cnicas (Etecs) e 73 Faculdades de Tecnologia (Fatecs) estaduais, com mais de 310 mil alunos em cursos t\u00e9cnicos de n\u00edvel m\u00e9dio e de n\u00edvel superior&nbsp;tecnol\u00f3gicos.<\/p>\n\n\n\n<p>Nas Etecs, cerca de 225 mil estudantes est\u00e3o matriculados nos Ensinos M\u00e9dio, T\u00e9cnico integrado ao M\u00e9dio e no Ensino T\u00e9cnico, incluindo habilita\u00e7\u00f5es nas modalidades presencial, semipresencial, online, Educa\u00e7\u00e3o de Jovens e Adultos (EJA) e especializa\u00e7\u00e3o t\u00e9cnica. As Etecs oferecem 151 cursos, voltados a todos os setores produtivos p\u00fablicos e privados.<\/p>\n\n\n\n<p>J\u00e1 as Fatecs atendem mais de&nbsp;85 mil alunos matriculados em 77 cursos de gradua\u00e7\u00e3o tecnol\u00f3gica, em diversas \u00e1reas, como Constru\u00e7\u00e3o Civil, Mec\u00e2nica, Inform\u00e1tica, Tecnologia da Informa\u00e7\u00e3o, Turismo, entre outras.<\/p>\n\n\n\n<p>Al\u00e9m da gradua\u00e7\u00e3o, o CPS oferece cursos de p\u00f3s-gradua\u00e7\u00e3o, atualiza\u00e7\u00e3o tecnol\u00f3gica e extens\u00e3o.<\/p>\n\n\n\n<p>A institui\u00e7\u00e3o foi criada pelo decreto-lei de 6 de outubro de 1969, na gest\u00e3o do governador Roberto Costa de Abreu Sodr\u00e9 (1967 \u2013 1971), como resultado de um grupo de trabalho para avaliar a viabilidade de implanta\u00e7\u00e3o gradativa de uma rede de cursos superiores de tecnologia com dura\u00e7\u00e3o de dois e tr\u00eas anos. Sua&nbsp;miss\u00e3o \u00e9&nbsp;promover a educa\u00e7\u00e3o p\u00fablica profissional e tecnol\u00f3gica dentro de referenciais de excel\u00eancia, visando o desenvolvimento tecnol\u00f3gico, econ\u00f4mico e social do Estado de S\u00e3o Paulo.<\/p>\n\n\n\n<p>Em 1970, come\u00e7ou a operar com o nome de Centro Estadual de Educa\u00e7\u00e3o Tecnol\u00f3gica de S\u00e3o Paulo (CEET), com tr\u00eas cursos na \u00e1rea de Constru\u00e7\u00e3o Civil (Movimento de Terra e Pavimenta\u00e7\u00e3o, Constru\u00e7\u00e3o de Obras Hidr\u00e1ulicas e Constru\u00e7\u00e3o de Edif\u00edcios) e dois na \u00e1rea de Mec\u00e2nica (Desenhista Projetista e Oficinas), as duas primeiras foram instaladas nos munic\u00edpios de Sorocaba e S\u00e3o Paulo.<\/p>\n\n\n\n<p>A trajet\u00f3ria do Centro Paula Souza vai al\u00e9m de seus 45 anos de funda\u00e7\u00e3o. Sua mem\u00f3ria mistura-se com a hist\u00f3ria centen\u00e1ria do ensino profissional p\u00fablico em S\u00e3o Paulo. Em 1969, o \u00f3rg\u00e3o nasceu com a miss\u00e3o de organizar os primeiros cursos superiores de tecnologia, mas no decorrer das d\u00e9cadas, acabou englobando tamb\u00e9m a educa\u00e7\u00e3o profissional do estado em n\u00edvel m\u00e9dio, absorvendo unidades j\u00e1 existentes e construindo novas Etecs e Fatecs para expandir o ensino profissional a todas as regi\u00f5es do Estado.<\/p>\n\n\n\n<p><strong>Miss\u00e3o<\/strong><br>Promover a educa\u00e7\u00e3o p\u00fablica profissional e tecnol\u00f3gica dentro de referenciais de excel\u00eancia, visando o desenvolvimento tecnol\u00f3gico, econ\u00f4mico e social do Estado de S\u00e3o Paulo.<\/p>\n\n\n\n<p><strong>Vis\u00e3o<\/strong><br>Consolidar-se como refer\u00eancia nacional na forma\u00e7\u00e3o e capacita\u00e7\u00e3o profissional, bem como na gest\u00e3o educacional, estimulando a produtividade e competitividade da economia paulista.<\/p>\n\n\n\n<p><strong>Valores<\/strong><br>\u2022 Valoriza\u00e7\u00e3o e desenvolvimento humano<br>\u2022 Postura \u00e9tica e comprometimento<br>\u2022 Respeito a diversidade e a pluralidade<br>\u2022 Compromisso com a gest\u00e3o democr\u00e1tica e transparente<br>\u2022 Cordialidade nas rela\u00e7\u00f5es de trabalho<br>\u2022 Responsabilidade e sustentabilidade<br>\u2022 Criatividade e inova\u00e7\u00e3o<\/p>\n\n\n\n<p>Fonte:&nbsp;<a href=\"https:\/\/web.archive.org\/web\/20250321142542\/http:\/\/www.portal.cps.sp.gov.br\/\" target=\"_blank\" rel=\"noreferrer noopener\">http:\/\/www.portal.cps.sp.gov.br<\/a><\/p>\n\n\n\n<h2 class=\"wp-block-heading\">Faculdade de Tecnologia de Ribeir\u00e3o Preto<\/h2>\n\n\n\n<p>Criada pelo Governo do Estado de S\u00e3o Paulo mediante a publica\u00e7\u00e3o do Decreto n\u00ba.&nbsp;61.370 de 20 de julho de 2015.<\/p>\n\n\n\n<p>Iniciou suas atividades acad\u00eamicas com a implanta\u00e7\u00e3o do Curso Superior de Tecnologia em An\u00e1lise e Desenvolvimento de Sistemas, com 80 vagas semestrais, sendo 40 para o per\u00edodo matutino e 40 para o per\u00edodo noturno.<\/p>\n\n\n\n<ul class=\"wp-block-list\">\n<li>No 2\u00ba semestre de 2017 foi implantado o Curso Superior de Tecnologia em Gest\u00e3o de Neg\u00f3cios e Inova\u00e7\u00e3o, com 40 vagas semestrais para o per\u00edodo Noturno.<\/li>\n\n\n\n<li>No 2\u00ba semestre de 2018 foi implantado o Curso Superior de Tecnologia em Sistemas Biom\u00e9dicos, com 40 vagas semestrais para o per\u00edodo Noturno.<\/li>\n\n\n\n<li>Atualmente possui aproximadamente 700 alunos matriculados nos 03 Cursos Superiores de Tecnologia.<\/li>\n<\/ul>\n\n\n\n<p>As instala\u00e7\u00f5es da faculdade est\u00e3o distribu\u00eddas em tr\u00eas blocos que abrigam 22 salas de aula, 17 laborat\u00f3rios&nbsp; e outros 13 espa\u00e7o (arquitetura de computadores, el\u00e9trica, eletr\u00f4nica, f\u00edsica, el\u00e9trica, f\u00edsica \u00f3ptica, microbiologia, qu\u00edmica, bioqu\u00edmica e mec\u00e2nica de precis\u00e3o), audit\u00f3rio, salas administrativas e biblioteca, entre outros ambientes.<\/p>\n\n\n\n<p>Informa\u00e7\u00f5es:<\/p>\n\n\n\n<p><a href=\"https:\/\/web.archive.org\/web\/20250321142542\/https:\/\/maps.google.com\/?q=Av.+Pio+XII,+1255+%E2%80%93+Vila+Virg%C3%ADnia+%E2%80%93+Ribeir%C3%A3o+Preto\/SP&amp;entry=gmail&amp;source=g\">A Faculdade de Tecnologia de Ribeir\u00e3o Preto&nbsp;est\u00e1 situada \u00e0 Av. Pio XII, 1255 \u2013 Vila Virginia,&nbsp;CEP 14030-250 \u2013&nbsp;Ribeir\u00e3o Preto\/SP<\/a><\/p>\n\n\n\n<p>Telefones: (16) 3919-2320\/3919-1871<\/p>\n\n\n\n<p>WhatsAPP: (16) 3919-2320<\/p>\n\n\n\n<p>E-mail:&nbsp;<a href=\"https:\/\/web.archive.org\/web\/20250321142542\/mailto:contato@fatecrp.edu.br\">contato@fatecrp.edu.br<\/a><\/p>\n","protected":false},"excerpt":{"rendered":"<p>CENTRO PAULA SOUZA O Centro Paula Souza (CPS) \u00e9 uma autarquia do Governo do Estado de S\u00e3o Paulo, vinculada \u00e0 [&hellip;]<\/p>\n","protected":false},"author":1,"featured_media":0,"parent":0,"menu_order":0,"comment_status":"closed","ping_status":"closed","template":"","meta":{"footnotes":""},"class_list":["post-44","page","type-page","status-publish","hentry"],"_links":{"self":[{"href":"http:\/\/www.fatecrp.edu.br\/index.php\/wp-json\/wp\/v2\/pages\/44","targetHints":{"allow":["GET"]}}],"collection":[{"href":"http:\/\/www.fatecrp.edu.br\/index.php\/wp-json\/wp\/v2\/pages"}],"about":[{"href":"http:\/\/www.fatecrp.edu.br\/index.php\/wp-json\/wp\/v2\/types\/page"}],"author":[{"embeddable":true,"href":"http:\/\/www.fatecrp.edu.br\/index.php\/wp-json\/wp\/v2\/users\/1"}],"replies":[{"embeddable":true,"href":"http:\/\/www.fatecrp.edu.br\/index.php\/wp-json\/wp\/v2\/comments?post=44"}],"version-history":[{"count":1,"href":"http:\/\/www.fatecrp.edu.br\/index.php\/wp-json\/wp\/v2\/pages\/44\/revisions"}],"predecessor-version":[{"id":46,"href":"http:\/\/www.fatecrp.edu.br\/index.php\/wp-json\/wp\/v2\/pages\/44\/revisions\/46"}],"wp:attachment":[{"href":"http:\/\/www.fatecrp.edu.br\/index.php\/wp-json\/wp\/v2\/media?parent=44"}],"curies":[{"name":"wp","href":"https:\/\/api.w.org\/{rel}","templated":true}]}}