{"id":50,"date":"2026-02-05T11:20:10","date_gmt":"2026-02-05T14:20:10","guid":{"rendered":"http:\/\/200.144.13.68\/?page_id=50"},"modified":"2026-02-27T16:52:33","modified_gmt":"2026-02-27T19:52:33","slug":"analise-e-desenvolvimento-de-sistemas","status":"publish","type":"page","link":"http:\/\/www.fatecrp.edu.br\/index.php\/analise-e-desenvolvimento-de-sistemas\/","title":{"rendered":"An\u00e1lise e Desenvolvimento de Sistemas"},"content":{"rendered":"\n<div style=\"display:block;width:100%;margin:10px 0 25px 0;clear:both;line-height:0;\"><div style=\"display:flex;flex-wrap:wrap;gap:5px;align-items:stretch;line-height:normal;justify-content:flex-start;\"><a href=\"http:\/\/200.144.13.68\/Horarios\/ADS.pdf\" target=\"_blank\"; style=\"background-color:#555e6b;color:#ffffff!important;padding:0 15px;text-decoration:none!important;font-size:14px;font-family:sans-serif;display:flex;align-items:center;justify-content:center;text-align:center;min-height:38px;border-radius:2px;flex:0 1 auto;border:none;\">Hor\u00e1rio das Aulas<\/a><a href=\"http:\/\/www.fatecrp.edu.br\/index.php\/matriz-curricular-ads\/\" style=\"background-color:#555e6b;color:#ffffff!important;padding:0 15px;text-decoration:none!important;font-size:14px;font-family:sans-serif;display:flex;align-items:center;justify-content:center;text-align:center;min-height:38px;border-radius:2px;flex:0 1 auto;border:none;\">Matriz Curricular<\/a><a href=\"http:\/\/www.fatecrp.edu.br\/wp-content\/uploads\/2026\/02\/PPC-Ana\u0301lise-e-Desenvolvimento-de-Sistemas-Ribeira\u0303o-Preto.pdf\" style=\"background-color:#555e6b;color:#ffffff!important;padding:0 15px;text-decoration:none!important;font-size:14px;font-family:sans-serif;display:flex;align-items:center;justify-content:center;text-align:center;min-height:38px;border-radius:2px;flex:0 1 auto;border:none;\">Projeto Pedag\u00f3gico<\/a><\/div><\/div>\n\n\n\n<h2 class=\"wp-block-heading\">O que o aluno estuda<\/h2>\n\n\n\n<p>A matem\u00e1tica, em especial racioc\u00ednio l\u00f3gico e c\u00e1lculo, \u00e9 necess\u00e1ria para que o aluno aprenda a otimizar computadores e a desenvolver softwares. O aluno recebe no\u00e7\u00f5es sobre&nbsp;Bancos de Dados, sistemas baseados em web (como servi\u00e7os banc\u00e1rios pela internet) e programa\u00e7\u00e3o distribu\u00edda, que conecta computadores em rede para que funcionem como se fossem um s\u00f3 computador.<\/p>\n\n\n\n<p>Administra\u00e7\u00e3o, contabilidade, economia, estat\u00edstica e ingl\u00eas tamb\u00e9m fazem parte do curr\u00edculo. Al\u00e9m disso, habilidades para leitura e interpreta\u00e7\u00e3o de textos s\u00e3o fundamentais para o aprendizado durante o curso. Hoje, o mercado n\u00e3o aceita mais profissionais que se isolam na frente do computador. As empresas exigem pessoas vers\u00e1teis, din\u00e2micas, que saibam trabalhar em equipe e possam ter contato com o usu\u00e1rio final do sistema.<\/p>\n\n\n\n<h2 class=\"wp-block-heading\">O que o profissional faz<\/h2>\n\n\n\n<p>Cria, projeta, desenvolve e configura programas, softwares e sistemas para in\u00fameras empresas. Faz auditoria de sistemas para avaliar poss\u00edveis erros e falhas. Al\u00e9m disso, o tecn\u00f3logo em An\u00e1lise e Desenvolvimento de Sistemas est\u00e1 apto a prestar consultoria e desenvolver pesquisas.<\/p>\n\n\n\n<h2 class=\"wp-block-heading\">Onde trabalhar<\/h2>\n\n\n\n<p>Como a inform\u00e1tica est\u00e1 presente em praticamente todos os setores da sociedade, o tecn\u00f3logo em An\u00e1lise e Desenvolvimento de Sistemas pode atuar em empresas p\u00fablicas ou privadas, institui\u00e7\u00f5es financeiras, consultorias, terceiro setor, empresas especializadas em Tecnologia da Informa\u00e7\u00e3o (TI), ind\u00fastrias etc.<\/p>\n","protected":false},"excerpt":{"rendered":"<p>Hor\u00e1rio das AulasMatriz CurricularProjeto Pedag\u00f3gico O que o aluno estuda A matem\u00e1tica, em especial racioc\u00ednio l\u00f3gico e c\u00e1lculo, \u00e9 necess\u00e1ria [&hellip;]<\/p>\n","protected":false},"author":1,"featured_media":0,"parent":0,"menu_order":0,"comment_status":"closed","ping_status":"closed","template":"","meta":{"footnotes":""},"class_list":["post-50","page","type-page","status-publish","hentry"],"_links":{"self":[{"href":"http:\/\/www.fatecrp.edu.br\/index.php\/wp-json\/wp\/v2\/pages\/50","targetHints":{"allow":["GET"]}}],"collection":[{"href":"http:\/\/www.fatecrp.edu.br\/index.php\/wp-json\/wp\/v2\/pages"}],"about":[{"href":"http:\/\/www.fatecrp.edu.br\/index.php\/wp-json\/wp\/v2\/types\/page"}],"author":[{"embeddable":true,"href":"http:\/\/www.fatecrp.edu.br\/index.php\/wp-json\/wp\/v2\/users\/1"}],"replies":[{"embeddable":true,"href":"http:\/\/www.fatecrp.edu.br\/index.php\/wp-json\/wp\/v2\/comments?post=50"}],"version-history":[{"count":6,"href":"http:\/\/www.fatecrp.edu.br\/index.php\/wp-json\/wp\/v2\/pages\/50\/revisions"}],"predecessor-version":[{"id":118,"href":"http:\/\/www.fatecrp.edu.br\/index.php\/wp-json\/wp\/v2\/pages\/50\/revisions\/118"}],"wp:attachment":[{"href":"http:\/\/www.fatecrp.edu.br\/index.php\/wp-json\/wp\/v2\/media?parent=50"}],"curies":[{"name":"wp","href":"https:\/\/api.w.org\/{rel}","templated":true}]}}