{"id":55,"date":"2026-02-05T11:21:43","date_gmt":"2026-02-05T14:21:43","guid":{"rendered":"http:\/\/200.144.13.68\/?page_id=55"},"modified":"2026-02-27T17:02:31","modified_gmt":"2026-02-27T20:02:31","slug":"gestao-de-negocios-e-inovacao","status":"publish","type":"page","link":"http:\/\/www.fatecrp.edu.br\/index.php\/gestao-de-negocios-e-inovacao\/","title":{"rendered":"Gest\u00e3o de Neg\u00f3cios e Inova\u00e7\u00e3o"},"content":{"rendered":"<div style=\"display:block;width:100%;margin:10px 0 25px 0;clear:both;line-height:0;\">\n<div style=\"display:flex;flex-wrap:wrap;gap:5px;align-items:stretch;line-height:normal;justify-content:flex-start;\"><a href=\"http:\/\/200.144.13.68\/Horarios\/GNI.pdf\" target=\"_blank\"; style=\"background-color:#555e6b;color:#ffffff!important;padding:0 15px;text-decoration:none!important;font-size:14px;font-family:sans-serif;display:flex;align-items:center;justify-content:center;text-align:center;min-height:38px;border-radius:2px;flex:0 1 auto;border:none;\">Hor\u00e1rio das Aulas<\/a><a href=\"http:\/\/www.fatecrp.edu.br\/index.php\/matriz-curricular-gni\/\" style=\"background-color:#555e6b;color:#ffffff!important;padding:0 15px;text-decoration:none!important;font-size:14px;font-family:sans-serif;display:flex;align-items:center;justify-content:center;text-align:center;min-height:38px;border-radius:2px;flex:0 1 auto;border:none;\">Matriz Curricular<\/a><a href=\"http:\/\/www.fatecrp.edu.br\/wp-content\/uploads\/2026\/02\/PPC-Gestao-de-Negocios-e-Inovacao-2014-_CE.pdf\" style=\"background-color:#555e6b;color:#ffffff!important;padding:0 15px;text-decoration:none!important;font-size:14px;font-family:sans-serif;display:flex;align-items:center;justify-content:center;text-align:center;min-height:38px;border-radius:2px;flex:0 1 auto;border:none;\">Projeto Pedag\u00f3gico<\/a><\/div>\n<\/div>\n\n\n<h2 class=\"wp-block-heading\">OBJETIVOS<\/h2>\n\n\n\n<p>Desenvolver e habilitar o aluno atrav\u00e9s do conhecimento espec\u00edfico para atuar no mercado com uma vis\u00e3o empresarial, estrat\u00e9gica e empreendedora; Capacitar e consolidar a forma\u00e7\u00e3o do aluno para a organiza\u00e7\u00e3o e gest\u00e3o; Desenvolver habilidades para a concretiza\u00e7\u00e3o de projetos com excel\u00eancia; Fornecer ferramentas e expertise necess\u00e1rias para a gest\u00e3o organizacional. Capacitar profissionais das diversas \u00e1reas para atua\u00e7\u00e3o gerencial e t\u00e9cnica em empresas, bem como para o desenvolvimento de neg\u00f3cios pr\u00f3prios; Capacitar executivos, empres\u00e1rios e gestores de organiza\u00e7\u00f5es para atuarem em produ\u00e7\u00e3o, operacionaliza\u00e7\u00e3o de processos e finan\u00e7as das organiza\u00e7\u00f5es, bem como identifica\u00e7\u00e3o de tend\u00eancias mercadol\u00f3gicas, planejamento da \u00e1rea de vendas e garantia da satisfa\u00e7\u00e3o dos clientes. Aprofundar conhecimentos na \u00e1rea de planejamento estrat\u00e9gico, an\u00e1lise e decis\u00f5es de investimentos e uma s\u00e9rie de temas para a forma\u00e7\u00e3o de um l\u00edder diferenciado e altamente competitivo no mercado<\/p>\n\n\n\n<h2 class=\"wp-block-heading\">O que o aluno estuda<\/h2>\n\n\n\n<p>Administra\u00e7\u00e3o com foco em empreendedorismo e inova\u00e7\u00e3o. O aluno vai aprender ferramentas para desenvolver novos neg\u00f3cios, al\u00e9m de como elaborar prot\u00f3tipos e pesquisas para lan\u00e7amento de produtos. Economia, c\u00e1lculo, contabilidade, estat\u00edstica, marketing, comunica\u00e7\u00e3o empresarial, neg\u00f3cios internacionais, legisla\u00e7\u00e3o empresarial, tribut\u00e1ria e trabalhista, ingl\u00eas e espanhol completam a grade.<\/p>\n\n\n\n<h2 class=\"wp-block-heading\">O que o profissional faz<\/h2>\n\n\n\n<p>Est\u00e1 apto a atuar em empresas de qualquer setor no desenvolvimento de novos servi\u00e7os e produtos, na identifica\u00e7\u00e3o de oportunidades de neg\u00f3cio, na formula\u00e7\u00e3o de propostas para obten\u00e7\u00e3o de recursos para financiamento de projetos, na elabora\u00e7\u00e3o de propostas inovadoras de neg\u00f3cios e no fomento \u00e0 utiliza\u00e7\u00e3o de novas tecnologias nos processos.<\/p>\n\n\n\n<p>Nas empresas, tamb\u00e9m pode atuar como gestor em departamentos administrativos. Por\u00e9m, como o curso forma profissionais para o empreendedorismo, a ideia \u00e9 que o tecn\u00f3logo crie sua pr\u00f3pria empresa. Por exemplo, uma&nbsp;<em>startup<\/em>, empresa pequena, geralmente na \u00e1rea de tecnologia, que utiliza um modelo de neg\u00f3cio inovador e de baixo custo, mas com possibilidades promissoras de lucro. Pode ainda desenvolver um neg\u00f3cio em qualquer \u00e1rea da economia, inclusive, no terceiro setor.<\/p>\n\n\n\n<p>O empreendedorismo \u00e9 uma op\u00e7\u00e3o de carreira. Ao abrir sua pr\u00f3pria empresa, o profissional cria um emprego de acordo com suas habilidades, seu ritmo e seus objetivos. Al\u00e9m disso, uma empresa nova oferece novos postos de trabalho para o mercado.<\/p>\n\n\n\n<h2 class=\"wp-block-heading\">Onde trabalhar<\/h2>\n\n\n\n<p>Departamentos de inova\u00e7\u00e3o ou de administra\u00e7\u00e3o em empresas privadas de qualquer \u00e1rea. Em empreendimento pr\u00f3prio, como&nbsp;<em>startups<\/em>&nbsp;e neg\u00f3cios inovadores ou tradicionais em todos os setores.<\/p>\n","protected":false},"excerpt":{"rendered":"<p>Hor\u00e1rio das AulasMatriz CurricularProjeto Pedag\u00f3gico OBJETIVOS Desenvolver e habilitar o aluno atrav\u00e9s do conhecimento espec\u00edfico para atuar no mercado com [&hellip;]<\/p>\n","protected":false},"author":1,"featured_media":0,"parent":0,"menu_order":0,"comment_status":"closed","ping_status":"closed","template":"","meta":{"footnotes":""},"class_list":["post-55","page","type-page","status-publish","hentry"],"_links":{"self":[{"href":"http:\/\/www.fatecrp.edu.br\/index.php\/wp-json\/wp\/v2\/pages\/55","targetHints":{"allow":["GET"]}}],"collection":[{"href":"http:\/\/www.fatecrp.edu.br\/index.php\/wp-json\/wp\/v2\/pages"}],"about":[{"href":"http:\/\/www.fatecrp.edu.br\/index.php\/wp-json\/wp\/v2\/types\/page"}],"author":[{"embeddable":true,"href":"http:\/\/www.fatecrp.edu.br\/index.php\/wp-json\/wp\/v2\/users\/1"}],"replies":[{"embeddable":true,"href":"http:\/\/www.fatecrp.edu.br\/index.php\/wp-json\/wp\/v2\/comments?post=55"}],"version-history":[{"count":5,"href":"http:\/\/www.fatecrp.edu.br\/index.php\/wp-json\/wp\/v2\/pages\/55\/revisions"}],"predecessor-version":[{"id":125,"href":"http:\/\/www.fatecrp.edu.br\/index.php\/wp-json\/wp\/v2\/pages\/55\/revisions\/125"}],"wp:attachment":[{"href":"http:\/\/www.fatecrp.edu.br\/index.php\/wp-json\/wp\/v2\/media?parent=55"}],"curies":[{"name":"wp","href":"https:\/\/api.w.org\/{rel}","templated":true}]}}