{"id":80,"date":"2026-02-05T11:55:22","date_gmt":"2026-02-05T14:55:22","guid":{"rendered":"http:\/\/200.144.13.68\/?page_id=80"},"modified":"2026-04-08T20:31:54","modified_gmt":"2026-04-08T23:31:54","slug":"estagio","status":"publish","type":"page","link":"http:\/\/www.fatecrp.edu.br\/index.php\/estagio\/","title":{"rendered":"Est\u00e1gio"},"content":{"rendered":"\n<p><strong>Prezado(a) Aluno(a),<\/strong><\/p>\n\n\n\n<p>A regulamenta\u00e7\u00e3o do Est\u00e1gio Supervisionado tem por finalidade estabelecer os crit\u00e9rios de realiza\u00e7\u00e3o e valida\u00e7\u00e3o do Est\u00e1gio Curricular Supervisionado dos alunos dos cursos, bem como suas rotinas, seu processo de acompanhamento e avalia\u00e7\u00e3o.<\/p>\n\n\n\n<p>De acordo com a Lei n\u00ba 11.788, de 25 de setembro de 2008, est\u00e1gio \u00e9 o ato educativo curricular supervisionado, desenvolvido no ambiente de trabalho, que visa \u00e0 prepara\u00e7\u00e3o para o trabalho produtivo do estudante. O est\u00e1gio \u00e9 uma situa\u00e7\u00e3o real de trabalho, desenvolvida sob a supervis\u00e3o de respons\u00e1veis, tanto por parte da empresa concedente quanto por parte da Fatec Ribeir\u00e3o Preto.<\/p>\n\n\n\n<p>Al\u00e9m de ser um requisito obrigat\u00f3rio para a conclus\u00e3o do curso, o est\u00e1gio se constitui em instrumento de integra\u00e7\u00e3o, treinamento pr\u00e1tico, aperfei\u00e7oamento t\u00e9cnico, cultural, cient\u00edfico e de relacionamento humano. Tamb\u00e9m \u00e9 pe\u00e7a importante para a qualifica\u00e7\u00e3o profissional do aluno, pois durante sua realiza\u00e7\u00e3o ele aplicar\u00e1 seus conhecimentos e, consequentemente, adquirir\u00e1 experi\u00eancias pr\u00e1ticas, o que certamente enriquecer\u00e1 e sedimentar\u00e1 o aproveitamento do conte\u00fado te\u00f3rico que lhe foi oferecido durante a sua gradua\u00e7\u00e3o.<\/p>\n\n\n\n<p><strong>IMPORTANTE:<br><\/strong>a) Segundo a Lei do Est\u00e1gio, Lei 11.788\/08 o aluno estagi\u00e1rio nunca poder\u00e1 realizar mais do que 06 (seis) horas di\u00e1rias e 30 (trinta) horas semanais de est\u00e1gio. Vale observar que n\u00e3o pode ocorrer conflito de hor\u00e1rio de est\u00e1gio com o hor\u00e1rio das atividades acad\u00eamicas.<br>b) Para que o aluno possa conhecer melhor o curso e avaliar se realmente sua experi\u00eancia \u00e9 compat\u00edvel com a proposta acad\u00eamica do mesmo, a entrega de documentos do est\u00e1gio obrigat\u00f3rio somente ser\u00e1 admitida a partir do a partir do 3\u00ba ciclo para o Curso An\u00e1lise e Desenvolvimento de Sistemas e 4\u00ba ciclo para os cursos de Gest\u00e3o de Neg\u00f3cios e Inova\u00e7\u00e3o e Sistemas Biom\u00e9dicos.<br>A seguir, voc\u00ea encontra os documentos necess\u00e1rios para a realiza\u00e7\u00e3o do Est\u00e1gio.<\/p>\n\n\n\n<p><strong>ANTES DE INICIAR O EST\u00c1GIO: DOCUMENTOS&nbsp;<\/strong><\/p>\n\n\n\n<p>Para o est\u00e1gio curricular obrigat\u00f3rio (exceto os casos de convalida\u00e7\u00e3o de est\u00e1gio), siga as etapas descritas abaixo, preenchendo os modelos que se encontram na forma de&nbsp;<strong>Anexos<\/strong>, dispon\u00edveis para consulta e&nbsp;<em>download<\/em>:<\/p>\n\n\n\n<figure class=\"wp-block-image size-full\"><img loading=\"lazy\" decoding=\"async\" width=\"703\" height=\"589\" src=\"http:\/\/www.fatecrp.edu.br\/wp-content\/uploads\/2026\/03\/image-1.png\" alt=\"\" class=\"wp-image-144\" srcset=\"http:\/\/www.fatecrp.edu.br\/wp-content\/uploads\/2026\/03\/image-1.png 703w, http:\/\/www.fatecrp.edu.br\/wp-content\/uploads\/2026\/03\/image-1-300x251.png 300w\" sizes=\"auto, (max-width: 703px) 100vw, 703px\" \/><\/figure>\n\n\n\n<p><strong>ANEXOS<\/strong><\/p>\n\n\n\n<p><strong><a href=\"http:\/\/www.fatecrp.edu.br\/wp-content\/uploads\/2026\/03\/Anexo-A.docx\">Anexo A<\/a><\/strong><br><strong><a href=\"http:\/\/www.fatecrp.edu.br\/wp-content\/uploads\/2026\/03\/Anexo-A1.docx\">Anexo A1<\/a><\/strong><\/p>\n\n\n\n<p><a href=\"http:\/\/www.fatecrp.edu.br\/wp-content\/uploads\/2026\/03\/Anexo-B.docx\"><strong>Anexo<\/strong> <strong>B<\/strong><\/a><br><strong><a href=\"http:\/\/www.fatecrp.edu.br\/wp-content\/uploads\/2026\/03\/Anexo-B1.docx\">Anexo B1<\/a><\/strong><\/p>\n\n\n\n<p><a href=\"http:\/\/www.fatecrp.edu.br\/wp-content\/uploads\/2026\/03\/Anexo-C.docx\"><strong>Anexo<\/strong> <strong>C<\/strong><\/a><br><strong><a href=\"http:\/\/www.fatecrp.edu.br\/wp-content\/uploads\/2026\/03\/Anexo-C1.docx\">Anexo C1<\/a><\/strong><\/p>\n\n\n\n<p><\/p>\n\n\n\n<p><strong>Observa\u00e7\u00f5es<\/strong>:&nbsp;<\/p>\n\n\n\n<ol class=\"wp-block-list\">\n<li>No caso da realiza\u00e7\u00e3o de&nbsp;<strong>Est\u00e1gio n\u00e3o Obrigat\u00f3rio Remunerado<\/strong>, os Anexos que devem ser entregues preenchidos e assinados s\u00e3o os&nbsp;<strong>Anexos A e A1<\/strong>.<\/li>\n\n\n\n<li>Solicitar o <strong>Atestado de Matr\u00edcula com Disciplina<\/strong> via SIGA ou Secretaria Acad\u00eamica.<\/li>\n\n\n\n<li>Os&nbsp;<strong>Anexos A e A1&nbsp;<\/strong><em>ou<\/em><strong>&nbsp;B e B1&nbsp;<\/strong><em>ou<\/em><strong>&nbsp;C e C1, a c\u00f3pia da ap\u00f3lice do Seguro Acidentes Pessoais e o Atestado de Matr\u00edcula com Disciplina devem<\/strong> ser entregues ao seu supervisor de est\u00e1gio na Fatec Ribeir\u00e3o Preto,&nbsp;<strong>por meio de um \u00fanico arquivo digital, no formato PDF<\/strong>, com a maior brevidade poss\u00edvel. Sem a apresenta\u00e7\u00e3o dos documentos descritos, <strong>n\u00e3o h\u00e1 a possibilidade de ades\u00e3o ao procedimento regular do est\u00e1gio.<\/strong><\/li>\n<\/ol>\n\n\n\n<p>&nbsp;<strong>DURANTE E AP\u00d3S A REALIZA\u00c7\u00c3O DO EST\u00c1GIO: DOCUMENTOS&nbsp;<\/strong><\/p>\n\n\n\n<blockquote class=\"wp-block-quote is-layout-flow wp-block-quote-is-layout-flow\">\n<p>Para a conclus\u00e3o do est\u00e1gio:<\/p>\n\n\n\n<figure class=\"wp-block-image size-full\"><img loading=\"lazy\" decoding=\"async\" width=\"766\" height=\"655\" src=\"http:\/\/www.fatecrp.edu.br\/wp-content\/uploads\/2026\/03\/image-4.png\" alt=\"\" class=\"wp-image-156\" srcset=\"http:\/\/www.fatecrp.edu.br\/wp-content\/uploads\/2026\/03\/image-4.png 766w, http:\/\/www.fatecrp.edu.br\/wp-content\/uploads\/2026\/03\/image-4-300x257.png 300w\" sizes=\"auto, (max-width: 766px) 100vw, 766px\" \/><\/figure>\n<\/blockquote>\n\n\n\n<p><strong><a href=\"http:\/\/www.fatecrp.edu.br\/wp-content\/uploads\/2026\/03\/Anexo-1-Relatorio-de-Atividades-Parcial.docx\">Anexo 1<\/a><\/strong><a href=\"http:\/\/200.144.13.68\/wp-content\/uploads\/2026\/02\/Anexo-1-RELAT\u00d3RIO-PARCIAL-120h.doc\"><br><\/a><strong><a href=\"http:\/\/www.fatecrp.edu.br\/wp-content\/uploads\/2026\/03\/Anexo-2-Ficha-de-Avaliacao-de-Desempenho-do-Estagiario.docx\">Anexo 2<\/a><\/strong><br><strong><a href=\"http:\/\/www.fatecrp.edu.br\/wp-content\/uploads\/2026\/04\/Anexo-3-Relatorio-Final-de-Estagio-Supervisionado.docx\">Anexo 3<\/a><\/strong><\/p>\n\n\n\n<p><strong>Observa\u00e7\u00f5es<\/strong>:<\/p>\n\n\n\n<ol class=\"wp-block-list\">\n<li><strong>Relat\u00f3rio Parcial<\/strong>&nbsp;(ao final das primeiras 120 horas) \u2013 deve incluir a descri\u00e7\u00e3o pormenorizada das atividades realizadas nas primeiras 120 horas j\u00e1 realizadas.<\/li>\n\n\n\n<li><strong>Relat\u00f3rio Final<\/strong>&nbsp;(ao final das 240 horas totais) deve incluir a descri\u00e7\u00e3o pormenorizada das atividades apresentadas no relat\u00f3rio anterior (parcial) e as atividades relativas \u00e0s 120 horas finais (ou mais, se houver), contemplando, portanto, as 240 horas m\u00ednimas obrigat\u00f3rias.<\/li>\n<\/ol>\n\n\n\n<p><strong>&nbsp;CONVALIDA\u00c7\u00c3O DE EST\u00c1GIO: DOCUMENTOS&nbsp;<\/strong><\/p>\n\n\n\n<p><strong>&nbsp;\u201cCONVALIDA\u00c7\u00c3O DE EST\u00c1GIO\u201d<\/strong>, tamb\u00e9m chamada de&nbsp;<strong>\u201cAPROVEITAMENTO DE EST\u00c1GIO\u201d<\/strong>&nbsp;ou&nbsp;<strong>\u201cEQUIVAL\u00caNCIA DE EST\u00c1GIO\u201d<\/strong>&nbsp;\u00e9 a hip\u00f3tese na qual o aluno exerce emprego com registro em Carteira Profissional ou trabalho aut\u00f4nomo ou ainda de presta\u00e7\u00e3o de servi\u00e7os devidamente regularizado junto aos \u00f3rg\u00e3os competentes,<strong>&nbsp;desenvolvendo atividades compat\u00edveis com o seu Curso.<\/strong><\/p>\n\n\n\n<p>Para proceder a convalida\u00e7\u00e3o de est\u00e1gio:<\/p>\n\n\n\n<figure class=\"wp-block-image size-full\"><img loading=\"lazy\" decoding=\"async\" width=\"720\" height=\"677\" src=\"http:\/\/www.fatecrp.edu.br\/wp-content\/uploads\/2026\/03\/image-3.png\" alt=\"\" class=\"wp-image-155\" srcset=\"http:\/\/www.fatecrp.edu.br\/wp-content\/uploads\/2026\/03\/image-3.png 720w, http:\/\/www.fatecrp.edu.br\/wp-content\/uploads\/2026\/03\/image-3-300x282.png 300w\" sizes=\"auto, (max-width: 720px) 100vw, 720px\" \/><\/figure>\n\n\n\n<p><strong><a href=\"http:\/\/www.fatecrp.edu.br\/wp-content\/uploads\/2026\/03\/Anexo-4-Declaracao-de-vinculo-empregaticio.docx\" target=\"_blank\" rel=\"noreferrer noopener\">Anexo 4<\/a><\/strong><br><strong><a href=\"http:\/\/www.fatecrp.edu.br\/wp-content\/uploads\/2026\/04\/Anexo-5-Processo-de-Equivalencia-de-Estagio.docx\" target=\"_blank\" rel=\"noreferrer noopener\">Anexo 5<\/a><\/strong><br><\/p>\n\n\n\n<p><strong>Observa\u00e7\u00f5es:<\/strong><\/p>\n\n\n\n<ol class=\"wp-block-list\">\n<li>A c\u00f3pia da&nbsp;<strong>Carteira de Trabalho&nbsp;<\/strong>deve conter:<\/li>\n\n\n\n<li>a) P\u00e1gina onde consta a identifica\u00e7\u00e3o \u2013 foto do empregado (frente e verso);<br>b) P\u00e1gina onde consta o contrato de trabalho (fun\u00e7\u00e3o, remunera\u00e7\u00e3o, etc.);<br>c) Todas as eventuais altera\u00e7\u00f5es no registro funcional (promo\u00e7\u00f5es, mudan\u00e7a de fun\u00e7\u00e3o, etc.);<\/li>\n\n\n\n<li>V\u00e1lida a&nbsp;<strong>Carteira de Trabalho Digital.<\/strong><\/li>\n\n\n\n<li><strong>Relat\u00f3rio Final de Est\u00e1gio<\/strong>\u2013 descri\u00e7\u00e3o pormenorizada de todas as atividades realizadas no per\u00edodo computado para est\u00e1gio (240 horas), descrevendo a\u00e7\u00f5es, atividades desenvolvidas (bem como sua import\u00e2ncia e pertin\u00eancia), metodologias, procedimentos e outras informa\u00e7\u00f5es relevantes.<\/li>\n\n\n\n<li>O aluno, que \u00e9 microempreendedor individual (MEI), dever\u00e1 apresentar o&nbsp;<strong>Certificado da Condi\u00e7\u00e3o de Microempreendedor Individual<\/strong>, com data de abertura superior a 6 meses.<\/li>\n<\/ol>\n\n\n\n<p><strong>ATEN\u00c7\u00c3O:<br><\/strong>a) O prazo para a an\u00e1lise de toda a documenta\u00e7\u00e3o enviada \u00e9 de 7 dias \u00fateis.<br>b) Para os alunos que pretendem finalizar o est\u00e1gio no semestre corrente, o prazo para entrega das documenta\u00e7\u00f5es listadas DURANTE E AP\u00d3S A REALIZA\u00c7\u00c3O DO EST\u00c1GIO e em CONVALIDA\u00c7\u00c3O DE EST\u00c1GIO (caso seja utilizada) \u00e9 de 20 dias \u00fateis antes do t\u00e9rmino do semestre.<\/p>\n\n\n\n<p>A lista atualizada de&nbsp;<strong>Agentes de Integra\u00e7\u00e3o<\/strong>, que viabiliza a concess\u00e3o de est\u00e1gios aos alunos matriculados nas Fatecs, est\u00e1 em&nbsp;<a href=\"https:\/\/carreiras.cps.sp.gov.br\/agentes-de-integracao-2\/\">https:\/\/carreiras.cps.sp.gov.br\/agentes-de-integracao-2\/<\/a>.<\/p>\n\n\n\n<p>Esperamos que os procedimentos elencados possam ser elucidativos e que tamb\u00e9m contribuam para o sucesso da realiza\u00e7\u00e3o do Est\u00e1gio.<\/p>\n\n\n\n<p><\/p>\n\n\n\n<p><\/p>\n\n\n\n<p>Atenciosamente,<\/p>\n\n\n\n<p>Profa. Amanda Ribeiro de Paula Reis \u2013 Orientadora de Est\u00e1gio do Curso Superior de Tecnologia em Gest\u00e3o de Neg\u00f3cios e Inova\u00e7\u00e3o. E-mail para contato e entrega das documenta\u00e7\u00f5es:&nbsp; <a href=\"mailto:estagiogni@fatecrp.edu.br\">estagiogni@fatecrp.edu.br<\/a><\/p>\n\n\n\n<p>Prof. J\u00fanior C\u00e9sar Bonafim \u2013 Orientador de Est\u00e1gio do Curso Superior de Tecnologia em Sistemas Biom\u00e9dicos. E-mail para contato e entrega das documenta\u00e7\u00f5es:&nbsp; <a href=\"mailto:estagiosbm@fatecrp.edu.br\">estagiosbm@fatecrp.edu.br<\/a><\/p>\n\n\n\n<p>Profa. Valeria Aparecida Martins Ferreira \u2013 Orientadora de Est\u00e1gio do Curso Superior de Tecnologia em An\u00e1lise e Desenvolvimento de Sistemas. E-mail para contato e entrega das documenta\u00e7\u00f5es:&nbsp; <a href=\"mailto:estagioads@fatecrp.edu.br\">estagioads@fatecrp.edu.br<\/a><\/p>\n\n\n\n<p>Profa. Valeria Aparecida Martins Ferreira \u2013 Orientadora de Est\u00e1gio do Curso Superior de Tecnologia em Gest\u00e3o de Recursos Humanos. E-mail para contato e entrega das documenta\u00e7\u00f5es:&nbsp; <a href=\"mailto:estagiogrh@fatecrp.edu.br\">estagiogrh@fatecrp.edu.br<\/a><\/p>\n","protected":false},"excerpt":{"rendered":"<p>Prezado(a) Aluno(a), A regulamenta\u00e7\u00e3o do Est\u00e1gio Supervisionado tem por finalidade estabelecer os crit\u00e9rios de realiza\u00e7\u00e3o e valida\u00e7\u00e3o do Est\u00e1gio Curricular [&hellip;]<\/p>\n","protected":false},"author":1,"featured_media":0,"parent":0,"menu_order":0,"comment_status":"closed","ping_status":"closed","template":"","meta":{"footnotes":""},"class_list":["post-80","page","type-page","status-publish","hentry"],"_links":{"self":[{"href":"http:\/\/www.fatecrp.edu.br\/index.php\/wp-json\/wp\/v2\/pages\/80","targetHints":{"allow":["GET"]}}],"collection":[{"href":"http:\/\/www.fatecrp.edu.br\/index.php\/wp-json\/wp\/v2\/pages"}],"about":[{"href":"http:\/\/www.fatecrp.edu.br\/index.php\/wp-json\/wp\/v2\/types\/page"}],"author":[{"embeddable":true,"href":"http:\/\/www.fatecrp.edu.br\/index.php\/wp-json\/wp\/v2\/users\/1"}],"replies":[{"embeddable":true,"href":"http:\/\/www.fatecrp.edu.br\/index.php\/wp-json\/wp\/v2\/comments?post=80"}],"version-history":[{"count":11,"href":"http:\/\/www.fatecrp.edu.br\/index.php\/wp-json\/wp\/v2\/pages\/80\/revisions"}],"predecessor-version":[{"id":185,"href":"http:\/\/www.fatecrp.edu.br\/index.php\/wp-json\/wp\/v2\/pages\/80\/revisions\/185"}],"wp:attachment":[{"href":"http:\/\/www.fatecrp.edu.br\/index.php\/wp-json\/wp\/v2\/media?parent=80"}],"curies":[{"name":"wp","href":"https:\/\/api.w.org\/{rel}","templated":true}]}}